{"id":354,"date":"2023-12-15T15:13:47","date_gmt":"2023-12-15T15:13:47","guid":{"rendered":"https:\/\/masso1452.com\/?page_id=354"},"modified":"2024-04-05T17:11:25","modified_gmt":"2024-04-05T17:11:25","slug":"politique-cookies","status":"publish","type":"page","link":"https:\/\/masso1452.com\/es\/politica-de-cookies\/","title":{"rendered":"Pol\u00edtica de cookies"},"content":{"rendered":"<div data-elementor-type=\"wp-page\" data-elementor-id=\"354\" class=\"elementor elementor-354\" data-elementor-post-type=\"page\">\n\t\t\t\t\t\t<section class=\"elementor-section elementor-top-section elementor-element elementor-element-a62e94b elementor-section-content-top elementor-section-height-min-height elementor-section-items-stretch elementor-section-boxed elementor-section-height-default\" data-id=\"a62e94b\" data-element_type=\"section\" data-settings=\"{&quot;background_background&quot;:&quot;classic&quot;,&quot;ekit_has_onepagescroll_dot&quot;:&quot;yes&quot;}\">\n\t\t\t\t\t\t\t<div class=\"elementor-background-overlay\"><\/div>\n\t\t\t\t\t\t\t<div class=\"elementor-container elementor-column-gap-default\">\n\t\t\t\t\t<div class=\"elementor-column elementor-col-100 elementor-top-column elementor-element elementor-element-8d0f27f\" data-id=\"8d0f27f\" data-element_type=\"column\">\n\t\t\t<div class=\"elementor-widget-wrap elementor-element-populated\">\n\t\t\t\t\t\t<div class=\"elementor-element elementor-element-536b308 animated-slow elementor-invisible elementor-widget elementor-widget-heading\" data-id=\"536b308\" data-element_type=\"widget\" data-settings=\"{&quot;_animation&quot;:&quot;fadeIn&quot;,&quot;_animation_delay&quot;:600,&quot;ekit_we_effect_on&quot;:&quot;none&quot;}\" data-widget_type=\"heading.default\">\n\t\t\t\t<div class=\"elementor-widget-container\">\n\t\t\t<style>\/*! elementor - v3.19.0 - 28-02-2024 *\/\n.elementor-heading-title{padding:0;margin:0;line-height:1}.elementor-widget-heading .elementor-heading-title[class*=elementor-size-]>a{color:inherit;font-size:inherit;line-height:inherit}.elementor-widget-heading .elementor-heading-title.elementor-size-small{font-size:15px}.elementor-widget-heading .elementor-heading-title.elementor-size-medium{font-size:19px}.elementor-widget-heading .elementor-heading-title.elementor-size-large{font-size:29px}.elementor-widget-heading .elementor-heading-title.elementor-size-xl{font-size:39px}.elementor-widget-heading .elementor-heading-title.elementor-size-xxl{font-size:59px}<\/style><h1 class=\"elementor-heading-title elementor-size-default\">Pol\u00edtica de cookies<\/h1>\t\t<\/div>\n\t\t\t\t<\/div>\n\t\t\t\t\t<\/div>\n\t\t<\/div>\n\t\t\t\t\t<\/div>\n\t\t<\/section>\n\t\t\t\t<section class=\"elementor-section elementor-top-section elementor-element elementor-element-bb4d372 elementor-section-boxed elementor-section-height-default elementor-section-height-default\" data-id=\"bb4d372\" data-element_type=\"section\" data-settings=\"{&quot;background_background&quot;:&quot;classic&quot;,&quot;ekit_has_onepagescroll_dot&quot;:&quot;yes&quot;}\">\n\t\t\t\t\t\t<div class=\"elementor-container elementor-column-gap-default\">\n\t\t\t\t\t<div class=\"elementor-column elementor-col-100 elementor-top-column elementor-element elementor-element-122c075\" data-id=\"122c075\" data-element_type=\"column\">\n\t\t\t<div class=\"elementor-widget-wrap elementor-element-populated\">\n\t\t\t\t\t\t<div class=\"elementor-element elementor-element-1dd2a62 elementor-widget elementor-widget-elementskit-heading\" data-id=\"1dd2a62\" data-element_type=\"widget\" data-settings=\"{&quot;ekit_we_effect_on&quot;:&quot;none&quot;}\" data-widget_type=\"elementskit-heading.default\">\n\t\t\t\t<div class=\"elementor-widget-container\">\n\t\t\t<div class=\"ekit-wid-con\" ><div class=\"ekit-heading elementskit-section-title-wraper text_left   ekit_heading_tablet-   ekit_heading_mobile-\"><h2 class=\"ekit-heading--title elementskit-section-title\">Pol\u00edtica de <span><span>galletas<\/span><\/span><\/h2><\/div><\/div>\t\t<\/div>\n\t\t\t\t<\/div>\n\t\t\t\t\t<\/div>\n\t\t<\/div>\n\t\t\t\t\t<\/div>\n\t\t<\/section>\n\t\t<div class=\"elementor-element elementor-element-d02d06a e-flex e-con-boxed e-con e-parent\" data-id=\"d02d06a\" data-element_type=\"container\" data-settings=\"{&quot;content_width&quot;:&quot;boxed&quot;,&quot;ekit_has_onepagescroll_dot&quot;:&quot;yes&quot;}\" data-core-v316-plus=\"true\">\n\t\t\t\t\t<div class=\"e-con-inner\">\n\t\t\t\t<div class=\"elementor-element elementor-element-4fd764c elementor-widget elementor-widget-heading\" data-id=\"4fd764c\" data-element_type=\"widget\" data-settings=\"{&quot;ekit_we_effect_on&quot;:&quot;none&quot;}\" data-widget_type=\"heading.default\">\n\t\t\t\t<div class=\"elementor-widget-container\">\n\t\t\t<h2 class=\"elementor-heading-title elementor-size-default\"><style>\n    a.cky-banner-element {\n        padding: 8px 30px;\n        background: #F8F9FA;\n        color: #858A8F;\n        border: 1px solid #DEE2E6;\n        box-sizing: border-box;\n        border-radius: 2px;\n        cursor: pointer;\n<\/style\n\nCette><\/div>\n\n&nbsp;\n<h4>\u00bfC\u00f3mo utilizamos las cookies?<\/h4>\n<div class=\"cookie-policy-p\"><p>Como la mayor\u00eda de los servicios en l\u00ednea, nuestro sitio web utiliza cookies propias y de terceros con diversos fines. Las cookies de origen son en su mayor\u00eda necesarias para que el sitio web funcione correctamente y no recopilan informaci\u00f3n personal identificable sobre usted.\nLas cookies de terceros utilizadas en nuestro sitio web se utilizan principalmente para comprender el rendimiento del sitio web, c\u00f3mo interact\u00faa con nuestro sitio web, para garantizar la seguridad de nuestros servicios, para proporcionar anuncios que sean de su inter\u00e9s y, en general, para ofrecerle una mejor experiencia de usuario que le ayudar\u00e1 en sus futuras interacciones con nuestro sitio web.<\/p><\/div>\n\n&nbsp;\n<h4>Tipos de cookies que utilizamos<\/h4>\n\n    <div class=\"cky-audit-table-element\"><\/div>\n\n&nbsp;\n    <h4 style=\"margin-bottom:20px;\">Gesti\u00f3n de las preferencias de cookies<\/h4>\n\n    <a class=\"cky-banner-element\">Configuraci\u00f3n de cookies<\/a> <br\/>\n\n    <div><p>Puede cambiar sus preferencias de cookies en cualquier momento haciendo clic en el bot\u00f3n de arriba. Esto le permitir\u00e1 revisar el banner de consentimiento de cookies y cambiar sus preferencias o retirar su consentimiento inmediatamente.\nAdem\u00e1s, los distintos navegadores ofrecen diferentes m\u00e9todos para bloquear y eliminar las cookies utilizadas por los sitios web. Puede cambiar la configuraci\u00f3n de su navegador para bloquear\/eliminar las cookies. A continuaci\u00f3n encontrar\u00e1 enlaces a documentos de apoyo sobre c\u00f3mo gestionar y eliminar cookies para los principales navegadores web.<\/p> <p>Cromo: <a href=\"https:\/\/support.google.com\/accounts\/answer\/32050\" target=\"_blank\">https:\/\/support.google.com\/accounts\/answer\/32050<\/a><\/p><p>Safari: <a href=\"https:\/\/support.apple.com\/en-in\/guide\/safari\/sfri11471\/mac\" target=\"_blank\">https:\/\/support.apple.com\/en-in\/guide\/safari\/sfri11471\/mac<\/a><\/p><p>Firefox: <a href=\"https:\/\/support.mozilla.org\/en-US\/kb\/clear-cookies-and-site-data-firefox?redirectslug=delete-cookies-remove-info-websites-stored&redirectlocale=en-US\" target=\"_blank\">https:\/\/support.mozilla.org\/en-US\/kb\/clear-cookies-and-site-data-firefox?redirectslug=delete-cookies-remove-info-websites-stored&redirectlocale=en-US<\/a><\/p><p>Internet Explorer: <a href=\"https:\/\/support.microsoft.com\/en-us\/topic\/how-to-delete-cookie-files-in-internet-explorer-bca9446f-d873-78de-77ba-d42645fa52fc\" target=\"_blank\">https:\/\/support.microsoft.com\/en-us\/topic\/how-to-delete-cookie-files-in-internet-explorer-bca9446f-d873-78de-77ba-d42645fa52fc<\/a><\/p><p>Si utiliza otro navegador, consulte la documentaci\u00f3n oficial de su navegador.<\/p><\/div>\n\n\n<\/h2>\t\t<\/div>\n\t\t\t\t<\/div>\n\t\t\t\t\t<\/div>\n\t\t\t\t<\/div>\n\t\t\t\t<\/div>","protected":false},"excerpt":{"rendered":"<p>Pol\u00edtica de cookies Pol\u00edtica de cookies a.cky-banner-element { padding: 8px 30px; background: #F8F9FA; color: #858A8F; border: 1px solid #DEE2E6; box-sizing: border-box; border-radius: 2px; cursor: pointer;<\/p>","protected":false},"author":1,"featured_media":0,"parent":0,"menu_order":0,"comment_status":"closed","ping_status":"closed","template":"","meta":{"footnotes":""},"class_list":["post-354","page","type-page","status-publish","hentry"],"yoast_head":"<!-- This site is optimized with the Yoast SEO plugin v22.4 - https:\/\/yoast.com\/wordpress\/plugins\/seo\/ -->\n<title>Politique de cookies - Masso 1452<\/title>\n<meta name=\"robots\" content=\"index, follow, max-snippet:-1, max-image-preview:large, max-video-preview:-1\" \/>\n<link rel=\"canonical\" href=\"https:\/\/masso1452.com\/es\/politica-de-cookies\/\" \/>\n<meta property=\"og:locale\" content=\"es_ES\" \/>\n<meta property=\"og:type\" content=\"article\" \/>\n<meta property=\"og:title\" content=\"Politique de cookies - Masso 1452\" \/>\n<meta property=\"og:description\" content=\"Politique de cookies Politique en mati\u00e8re de cookies a.cky-banner-element { padding: 8px 30px; background: #F8F9FA; color: #858A8F; border: 1px solid #DEE2E6; box-sizing: border-box; border-radius: 2px; cursor: pointer;\" \/>\n<meta property=\"og:url\" content=\"https:\/\/masso1452.com\/es\/politica-de-cookies\/\" \/>\n<meta property=\"og:site_name\" content=\"Masso 1452\" \/>\n<meta property=\"article:publisher\" content=\"https:\/\/www.facebook.com\/Masso1452\/\" \/>\n<meta property=\"article:modified_time\" content=\"2024-04-05T17:11:25+00:00\" \/>\n<meta name=\"twitter:card\" content=\"summary_large_image\" \/>\n<meta name=\"twitter:label1\" content=\"Tiempo de lectura\" \/>\n\t<meta name=\"twitter:data1\" content=\"1 minuto\" \/>\n<script type=\"application\/ld+json\" class=\"yoast-schema-graph\">{\"@context\":\"https:\/\/schema.org\",\"@graph\":[{\"@type\":\"WebPage\",\"@id\":\"https:\/\/masso1452.com\/politique-cookies\/\",\"url\":\"https:\/\/masso1452.com\/politique-cookies\/\",\"name\":\"Politique de cookies - Masso 1452\",\"isPartOf\":{\"@id\":\"https:\/\/masso1452.com\/#website\"},\"datePublished\":\"2023-12-15T15:13:47+00:00\",\"dateModified\":\"2024-04-05T17:11:25+00:00\",\"breadcrumb\":{\"@id\":\"https:\/\/masso1452.com\/politique-cookies\/#breadcrumb\"},\"inLanguage\":\"es\",\"potentialAction\":[{\"@type\":\"ReadAction\",\"target\":[\"https:\/\/masso1452.com\/politique-cookies\/\"]}]},{\"@type\":\"BreadcrumbList\",\"@id\":\"https:\/\/masso1452.com\/politique-cookies\/#breadcrumb\",\"itemListElement\":[{\"@type\":\"ListItem\",\"position\":1,\"name\":\"Accueil\",\"item\":\"https:\/\/masso1452.com\/\"},{\"@type\":\"ListItem\",\"position\":2,\"name\":\"Politique de cookies\"}]},{\"@type\":\"WebSite\",\"@id\":\"https:\/\/masso1452.com\/#website\",\"url\":\"https:\/\/masso1452.com\/\",\"name\":\"Masso 1452\",\"description\":\"\",\"publisher\":{\"@id\":\"https:\/\/masso1452.com\/#organization\"},\"potentialAction\":[{\"@type\":\"SearchAction\",\"target\":{\"@type\":\"EntryPoint\",\"urlTemplate\":\"https:\/\/masso1452.com\/?s={search_term_string}\"},\"query-input\":\"required name=search_term_string\"}],\"inLanguage\":\"es\"},{\"@type\":\"Organization\",\"@id\":\"https:\/\/masso1452.com\/#organization\",\"name\":\"Masso 1452\",\"url\":\"https:\/\/masso1452.com\/\",\"logo\":{\"@type\":\"ImageObject\",\"inLanguage\":\"es\",\"@id\":\"https:\/\/masso1452.com\/#\/schema\/logo\/image\/\",\"url\":\"https:\/\/masso1452.com\/wp-content\/uploads\/2023\/12\/masso-1452-1.png\",\"contentUrl\":\"https:\/\/masso1452.com\/wp-content\/uploads\/2023\/12\/masso-1452-1.png\",\"width\":1640,\"height\":1124,\"caption\":\"Masso 1452\"},\"image\":{\"@id\":\"https:\/\/masso1452.com\/#\/schema\/logo\/image\/\"},\"sameAs\":[\"https:\/\/www.facebook.com\/Masso1452\/\",\"https:\/\/www.linkedin.com\/in\/robert-charron-a9882210b\/\",\"https:\/\/www.instagram.com\/masso1452\/\"]}]}<\/script>\n<!-- \/ Yoast SEO plugin. -->","yoast_head_json":{"title":"Politique de cookies - Masso 1452","robots":{"index":"index","follow":"follow","max-snippet":"max-snippet:-1","max-image-preview":"max-image-preview:large","max-video-preview":"max-video-preview:-1"},"canonical":"https:\/\/masso1452.com\/es\/politica-de-cookies\/","og_locale":"es_ES","og_type":"article","og_title":"Politique de cookies - Masso 1452","og_description":"Politique de cookies Politique en mati\u00e8re de cookies a.cky-banner-element { padding: 8px 30px; background: #F8F9FA; color: #858A8F; border: 1px solid #DEE2E6; box-sizing: border-box; border-radius: 2px; cursor: pointer;","og_url":"https:\/\/masso1452.com\/es\/politica-de-cookies\/","og_site_name":"Masso 1452","article_publisher":"https:\/\/www.facebook.com\/Masso1452\/","article_modified_time":"2024-04-05T17:11:25+00:00","twitter_card":"summary_large_image","twitter_misc":{"Tiempo de lectura":"1 minuto"},"schema":{"@context":"https:\/\/schema.org","@graph":[{"@type":"WebPage","@id":"https:\/\/masso1452.com\/politique-cookies\/","url":"https:\/\/masso1452.com\/politique-cookies\/","name":"Politique de cookies - Masso 1452","isPartOf":{"@id":"https:\/\/masso1452.com\/#website"},"datePublished":"2023-12-15T15:13:47+00:00","dateModified":"2024-04-05T17:11:25+00:00","breadcrumb":{"@id":"https:\/\/masso1452.com\/politique-cookies\/#breadcrumb"},"inLanguage":"es","potentialAction":[{"@type":"ReadAction","target":["https:\/\/masso1452.com\/politique-cookies\/"]}]},{"@type":"BreadcrumbList","@id":"https:\/\/masso1452.com\/politique-cookies\/#breadcrumb","itemListElement":[{"@type":"ListItem","position":1,"name":"Accueil","item":"https:\/\/masso1452.com\/"},{"@type":"ListItem","position":2,"name":"Politique de cookies"}]},{"@type":"WebSite","@id":"https:\/\/masso1452.com\/#website","url":"https:\/\/masso1452.com\/","name":"Masso 1452","description":"","publisher":{"@id":"https:\/\/masso1452.com\/#organization"},"potentialAction":[{"@type":"SearchAction","target":{"@type":"EntryPoint","urlTemplate":"https:\/\/masso1452.com\/?s={search_term_string}"},"query-input":"required name=search_term_string"}],"inLanguage":"es"},{"@type":"Organization","@id":"https:\/\/masso1452.com\/#organization","name":"Masso 1452","url":"https:\/\/masso1452.com\/","logo":{"@type":"ImageObject","inLanguage":"es","@id":"https:\/\/masso1452.com\/#\/schema\/logo\/image\/","url":"https:\/\/masso1452.com\/wp-content\/uploads\/2023\/12\/masso-1452-1.png","contentUrl":"https:\/\/masso1452.com\/wp-content\/uploads\/2023\/12\/masso-1452-1.png","width":1640,"height":1124,"caption":"Masso 1452"},"image":{"@id":"https:\/\/masso1452.com\/#\/schema\/logo\/image\/"},"sameAs":["https:\/\/www.facebook.com\/Masso1452\/","https:\/\/www.linkedin.com\/in\/robert-charron-a9882210b\/","https:\/\/www.instagram.com\/masso1452\/"]}]}},"_links":{"self":[{"href":"https:\/\/masso1452.com\/es\/wp-json\/wp\/v2\/pages\/354","targetHints":{"allow":["GET"]}}],"collection":[{"href":"https:\/\/masso1452.com\/es\/wp-json\/wp\/v2\/pages"}],"about":[{"href":"https:\/\/masso1452.com\/es\/wp-json\/wp\/v2\/types\/page"}],"author":[{"embeddable":true,"href":"https:\/\/masso1452.com\/es\/wp-json\/wp\/v2\/users\/1"}],"replies":[{"embeddable":true,"href":"https:\/\/masso1452.com\/es\/wp-json\/wp\/v2\/comments?post=354"}],"version-history":[{"count":31,"href":"https:\/\/masso1452.com\/es\/wp-json\/wp\/v2\/pages\/354\/revisions"}],"predecessor-version":[{"id":2792,"href":"https:\/\/masso1452.com\/es\/wp-json\/wp\/v2\/pages\/354\/revisions\/2792"}],"wp:attachment":[{"href":"https:\/\/masso1452.com\/es\/wp-json\/wp\/v2\/media?parent=354"}],"curies":[{"name":"wp","href":"https:\/\/api.w.org\/{rel}","templated":true}]}}