{"id":1847,"date":"2024-02-15T18:25:18","date_gmt":"2024-02-15T18:25:18","guid":{"rendered":"https:\/\/masso1452.com\/?page_id=1847"},"modified":"2024-03-19T14:57:35","modified_gmt":"2024-03-19T14:57:35","slug":"produits-specifiques","status":"publish","type":"page","link":"https:\/\/masso1452.com\/es\/productos-especificos\/","title":{"rendered":"Productos espec\u00edficos"},"content":{"rendered":"<div data-elementor-type=\"wp-page\" data-elementor-id=\"1847\" class=\"elementor elementor-1847\" data-elementor-post-type=\"page\">\n\t\t\t\t\t\t<section class=\"elementor-section elementor-top-section elementor-element elementor-element-835177a elementor-section-content-top elementor-section-height-min-height elementor-section-items-stretch elementor-section-boxed elementor-section-height-default\" data-id=\"835177a\" data-element_type=\"section\" data-settings=\"{&quot;background_background&quot;:&quot;classic&quot;,&quot;ekit_has_onepagescroll_dot&quot;:&quot;yes&quot;}\">\n\t\t\t\t\t\t\t<div class=\"elementor-background-overlay\"><\/div>\n\t\t\t\t\t\t\t<div class=\"elementor-container elementor-column-gap-default\">\n\t\t\t\t\t<div class=\"elementor-column elementor-col-100 elementor-top-column elementor-element elementor-element-5fe9894\" data-id=\"5fe9894\" data-element_type=\"column\">\n\t\t\t<div class=\"elementor-widget-wrap elementor-element-populated\">\n\t\t\t\t\t\t<div class=\"elementor-element elementor-element-a166f0f elementor-widget-divider--view-line elementor-widget elementor-widget-divider\" data-id=\"a166f0f\" data-element_type=\"widget\" data-settings=\"{&quot;ekit_we_effect_on&quot;:&quot;none&quot;}\" data-widget_type=\"divider.default\">\n\t\t\t\t<div class=\"elementor-widget-container\">\n\t\t\t<style>\/*! elementor - v3.19.0 - 28-02-2024 *\/\n.elementor-widget-divider{--divider-border-style:none;--divider-border-width:1px;--divider-color:#0c0d0e;--divider-icon-size:20px;--divider-element-spacing:10px;--divider-pattern-height:24px;--divider-pattern-size:20px;--divider-pattern-url:none;--divider-pattern-repeat:repeat-x}.elementor-widget-divider .elementor-divider{display:flex}.elementor-widget-divider .elementor-divider__text{font-size:15px;line-height:1;max-width:95%}.elementor-widget-divider .elementor-divider__element{margin:0 var(--divider-element-spacing);flex-shrink:0}.elementor-widget-divider .elementor-icon{font-size:var(--divider-icon-size)}.elementor-widget-divider .elementor-divider-separator{display:flex;margin:0;direction:ltr}.elementor-widget-divider--view-line_icon .elementor-divider-separator,.elementor-widget-divider--view-line_text .elementor-divider-separator{align-items:center}.elementor-widget-divider--view-line_icon .elementor-divider-separator:after,.elementor-widget-divider--view-line_icon .elementor-divider-separator:before,.elementor-widget-divider--view-line_text .elementor-divider-separator:after,.elementor-widget-divider--view-line_text .elementor-divider-separator:before{display:block;content:\"\";border-block-end:0;flex-grow:1;border-block-start:var(--divider-border-width) var(--divider-border-style) var(--divider-color)}.elementor-widget-divider--element-align-left .elementor-divider .elementor-divider-separator>.elementor-divider__svg:first-of-type{flex-grow:0;flex-shrink:100}.elementor-widget-divider--element-align-left .elementor-divider-separator:before{content:none}.elementor-widget-divider--element-align-left .elementor-divider__element{margin-left:0}.elementor-widget-divider--element-align-right .elementor-divider .elementor-divider-separator>.elementor-divider__svg:last-of-type{flex-grow:0;flex-shrink:100}.elementor-widget-divider--element-align-right .elementor-divider-separator:after{content:none}.elementor-widget-divider--element-align-right .elementor-divider__element{margin-right:0}.elementor-widget-divider--element-align-start .elementor-divider .elementor-divider-separator>.elementor-divider__svg:first-of-type{flex-grow:0;flex-shrink:100}.elementor-widget-divider--element-align-start .elementor-divider-separator:before{content:none}.elementor-widget-divider--element-align-start .elementor-divider__element{margin-inline-start:0}.elementor-widget-divider--element-align-end .elementor-divider .elementor-divider-separator>.elementor-divider__svg:last-of-type{flex-grow:0;flex-shrink:100}.elementor-widget-divider--element-align-end .elementor-divider-separator:after{content:none}.elementor-widget-divider--element-align-end .elementor-divider__element{margin-inline-end:0}.elementor-widget-divider:not(.elementor-widget-divider--view-line_text):not(.elementor-widget-divider--view-line_icon) .elementor-divider-separator{border-block-start:var(--divider-border-width) var(--divider-border-style) var(--divider-color)}.elementor-widget-divider--separator-type-pattern{--divider-border-style:none}.elementor-widget-divider--separator-type-pattern.elementor-widget-divider--view-line .elementor-divider-separator,.elementor-widget-divider--separator-type-pattern:not(.elementor-widget-divider--view-line) .elementor-divider-separator:after,.elementor-widget-divider--separator-type-pattern:not(.elementor-widget-divider--view-line) .elementor-divider-separator:before,.elementor-widget-divider--separator-type-pattern:not([class*=elementor-widget-divider--view]) .elementor-divider-separator{width:100%;min-height:var(--divider-pattern-height);-webkit-mask-size:var(--divider-pattern-size) 100%;mask-size:var(--divider-pattern-size) 100%;-webkit-mask-repeat:var(--divider-pattern-repeat);mask-repeat:var(--divider-pattern-repeat);background-color:var(--divider-color);-webkit-mask-image:var(--divider-pattern-url);mask-image:var(--divider-pattern-url)}.elementor-widget-divider--no-spacing{--divider-pattern-size:auto}.elementor-widget-divider--bg-round{--divider-pattern-repeat:round}.rtl .elementor-widget-divider .elementor-divider__text{direction:rtl}.e-con-inner>.elementor-widget-divider,.e-con>.elementor-widget-divider{width:var(--container-widget-width,100%);--flex-grow:var(--container-widget-flex-grow)}<\/style>\t\t<div class=\"elementor-divider\">\n\t\t\t<span class=\"elementor-divider-separator\">\n\t\t\t\t\t\t<\/span>\n\t\t<\/div>\n\t\t\t\t<\/div>\n\t\t\t\t<\/div>\n\t\t\t\t<div class=\"elementor-element elementor-element-ec84fc2 animated-slow elementor-invisible elementor-widget elementor-widget-heading\" data-id=\"ec84fc2\" data-element_type=\"widget\" data-settings=\"{&quot;_animation&quot;:&quot;fadeIn&quot;,&quot;_animation_delay&quot;:600,&quot;ekit_we_effect_on&quot;:&quot;none&quot;}\" data-widget_type=\"heading.default\">\n\t\t\t\t<div class=\"elementor-widget-container\">\n\t\t\t<style>\/*! elementor - v3.19.0 - 28-02-2024 *\/\n.elementor-heading-title{padding:0;margin:0;line-height:1}.elementor-widget-heading .elementor-heading-title[class*=elementor-size-]>a{color:inherit;font-size:inherit;line-height:inherit}.elementor-widget-heading .elementor-heading-title.elementor-size-small{font-size:15px}.elementor-widget-heading .elementor-heading-title.elementor-size-medium{font-size:19px}.elementor-widget-heading .elementor-heading-title.elementor-size-large{font-size:29px}.elementor-widget-heading .elementor-heading-title.elementor-size-xl{font-size:39px}.elementor-widget-heading .elementor-heading-title.elementor-size-xxl{font-size:59px}<\/style><h1 class=\"elementor-heading-title elementor-size-default\">Productos espec\u00edficos<\/h1>\t\t<\/div>\n\t\t\t\t<\/div>\n\t\t\t\t<div class=\"elementor-element elementor-element-61c86a5 elementor-invisible elementor-widget elementor-widget-text-editor\" data-id=\"61c86a5\" data-element_type=\"widget\" data-settings=\"{&quot;_animation&quot;:&quot;fadeInDown&quot;,&quot;ekit_we_effect_on&quot;:&quot;none&quot;}\" data-widget_type=\"text-editor.default\">\n\t\t\t\t<div class=\"elementor-widget-container\">\n\t\t\t<style>\/*! elementor - v3.19.0 - 28-02-2024 *\/\n.elementor-widget-text-editor.elementor-drop-cap-view-stacked .elementor-drop-cap{background-color:#69727d;color:#fff}.elementor-widget-text-editor.elementor-drop-cap-view-framed .elementor-drop-cap{color:#69727d;border:3px solid;background-color:transparent}.elementor-widget-text-editor:not(.elementor-drop-cap-view-default) .elementor-drop-cap{margin-top:8px}.elementor-widget-text-editor:not(.elementor-drop-cap-view-default) .elementor-drop-cap-letter{width:1em;height:1em}.elementor-widget-text-editor .elementor-drop-cap{float:left;text-align:center;line-height:1;font-size:50px}.elementor-widget-text-editor .elementor-drop-cap-letter{display:inline-block}<\/style>\t\t\t\t<p>Nuestros productos a la venta en la tienda<\/p>\t\t\t\t\t\t<\/div>\n\t\t\t\t<\/div>\n\t\t\t\t<div class=\"elementor-element elementor-element-5b4357a elementor-align-center elementor-mobile-align-justify elementor-widget elementor-widget-button\" data-id=\"5b4357a\" data-element_type=\"widget\" data-settings=\"{&quot;ekit_we_effect_on&quot;:&quot;none&quot;}\" data-widget_type=\"button.default\">\n\t\t\t\t<div class=\"elementor-widget-container\">\n\t\t\t\t\t<div class=\"elementor-button-wrapper\">\n\t\t\t<a class=\"elementor-button elementor-button-link elementor-size-md\" href=\"https:\/\/masso1452.com\/es\/productos\/\">\n\t\t\t\t\t\t<span class=\"elementor-button-content-wrapper\">\n\t\t\t\t\t\t<span class=\"elementor-button-text\">Ver todos nuestros productos<\/span>\n\t\t<\/span>\n\t\t\t\t\t<\/a>\n\t\t<\/div>\n\t\t\t\t<\/div>\n\t\t\t\t<\/div>\n\t\t\t\t<div class=\"elementor-element elementor-element-6368a4b elementor-widget elementor-widget-spacer\" data-id=\"6368a4b\" data-element_type=\"widget\" data-settings=\"{&quot;ekit_we_effect_on&quot;:&quot;none&quot;}\" data-widget_type=\"spacer.default\">\n\t\t\t\t<div class=\"elementor-widget-container\">\n\t\t\t<style>\/*! elementor - v3.19.0 - 28-02-2024 *\/\n.elementor-column .elementor-spacer-inner{height:var(--spacer-size)}.e-con{--container-widget-width:100%}.e-con-inner>.elementor-widget-spacer,.e-con>.elementor-widget-spacer{width:var(--container-widget-width,var(--spacer-size));--align-self:var(--container-widget-align-self,initial);--flex-shrink:0}.e-con-inner>.elementor-widget-spacer>.elementor-widget-container,.e-con>.elementor-widget-spacer>.elementor-widget-container{height:100%;width:100%}.e-con-inner>.elementor-widget-spacer>.elementor-widget-container>.elementor-spacer,.e-con>.elementor-widget-spacer>.elementor-widget-container>.elementor-spacer{height:100%}.e-con-inner>.elementor-widget-spacer>.elementor-widget-container>.elementor-spacer>.elementor-spacer-inner,.e-con>.elementor-widget-spacer>.elementor-widget-container>.elementor-spacer>.elementor-spacer-inner{height:var(--container-widget-height,var(--spacer-size))}.e-con-inner>.elementor-widget-spacer.elementor-widget-empty,.e-con>.elementor-widget-spacer.elementor-widget-empty{position:relative;min-height:22px;min-width:22px}.e-con-inner>.elementor-widget-spacer.elementor-widget-empty .elementor-widget-empty-icon,.e-con>.elementor-widget-spacer.elementor-widget-empty .elementor-widget-empty-icon{position:absolute;top:0;bottom:0;left:0;right:0;margin:auto;padding:0;width:22px;height:22px}<\/style>\t\t<div class=\"elementor-spacer\">\n\t\t\t<div class=\"elementor-spacer-inner\"><\/div>\n\t\t<\/div>\n\t\t\t\t<\/div>\n\t\t\t\t<\/div>\n\t\t\t\t\t<\/div>\n\t\t<\/div>\n\t\t\t\t\t<\/div>\n\t\t<\/section>\n\t\t\t\t<section class=\"elementor-section elementor-top-section elementor-element elementor-element-3186240 elementor-section-boxed elementor-section-height-default elementor-section-height-default\" data-id=\"3186240\" data-element_type=\"section\" data-settings=\"{&quot;ekit_has_onepagescroll_dot&quot;:&quot;yes&quot;}\">\n\t\t\t\t\t\t<div class=\"elementor-container elementor-column-gap-default\">\n\t\t\t\t\t<div class=\"elementor-column elementor-col-100 elementor-top-column elementor-element elementor-element-d6e5e7b\" data-id=\"d6e5e7b\" data-element_type=\"column\">\n\t\t\t<div class=\"elementor-widget-wrap elementor-element-populated\">\n\t\t\t\t\t\t<section class=\"elementor-section elementor-inner-section elementor-element elementor-element-d5c1f62 elementor-section-boxed elementor-section-height-default elementor-section-height-default\" data-id=\"d5c1f62\" data-element_type=\"section\" data-settings=\"{&quot;ekit_has_onepagescroll_dot&quot;:&quot;yes&quot;}\">\n\t\t\t\t\t\t<div class=\"elementor-container elementor-column-gap-no\">\n\t\t\t\t\t<div class=\"elementor-column elementor-col-33 elementor-inner-column elementor-element elementor-element-417dd91\" data-id=\"417dd91\" data-element_type=\"column\">\n\t\t\t<div class=\"elementor-widget-wrap elementor-element-populated\">\n\t\t\t\t\t\t<div class=\"elementor-element elementor-element-926ed60 elementor-widget elementor-widget-elementskit-pricing\" data-id=\"926ed60\" data-element_type=\"widget\" data-settings=\"{&quot;ekit_we_effect_on&quot;:&quot;none&quot;}\" data-widget_type=\"elementskit-pricing.default\">\n\t\t\t\t<div class=\"elementor-widget-container\">\n\t\t\t<div class=\"ekit-wid-con\" >\n\n        <div class=\"elementskit-single-pricing\" >\n            <div class=\"elementskit-pricing-header\">\n\t\t\t\t                    <figure class=\"elementor-pricing-img\"><img decoding=\"async\" src=\"https:\/\/masso1452.com\/wp-content\/uploads\/2024\/02\/Creation-sans-titre-30.png\" title=\"Piel clara clayton shagal\" alt=\"Piel clara clayton shagal\" loading=\"lazy\" \/><\/figure>                \t\t\t\t\n\t\t\t\t                \t<h3\t\t\t\t\tclass=\"elementskit-pricing-title\">Piel clara\t\t\t\t\t<\/h3>\n\t\t\t\t\t\t\t\t                \t<p class=\"elementskit-pricing-subtitle\">Piel : Normal, Mixta, Madura, Sensible al acn\u00e9<\/p>\n\t\t\t\t            <\/div>\n\t\t\t            <div class=\"elementskit-pricing-price-wraper has-tag\">\n                <div class=\"elementskit-pricing-tag\"><\/div>\n                <span class=\"elementskit-pricing-price\">\n\t\t\t\t\t\t\t\t\t\t\t<sup class=\"currency\">$<\/sup>\n\t\t\t\t\t\t\t\t\t\t<span>42<\/span>\n\t\t\t\t\t\n\t\t\t\t\t\t\t\t\t<\/span>\n            <\/div>\n\t\t\t            <div class=\"elementskit-pricing-content\">\n\n                                                    <ul class=\"elementskit-pricing-lists\">\n                        \t\t\t\t\t\t\t<li class=\"elementor-repeater-item-86b9b28\">\n\t\t\t\t\t\t\t\t<svg aria-hidden=\"true\" class=\"e-font-icon-svg e-fas-chevron-right\" viewbox=\"0 0 320 512\" xmlns=\"http:\/\/www.w3.org\/2000\/svg\"><path d=\"M285.476 272.971L91.132 467.314c-9.373 9.373-24.569 9.373-33.941 0l-22.667-22.667c-9.357-9.357-9.375-24.522-.04-33.901L188.505 256 34.484 101.255c-9.335-9.379-9.317-24.544.04-33.901l22.667-22.667c9.373-9.373 24.569-9.373 33.941 0L285.475 239.03c9.373 9.372 9.373 24.568.001 33.941z\"><\/path><\/svg>\t\t\t\t\t\t\t\t\n\t\t\t\t\t\t\t\tElimina los granos no deseados y controla la proliferaci\u00f3n de bacterias\t\t\t\t\t\t\t\t\n\t\t\t\t\t\t\t\t\t\t\t\t\t\t\t<\/li>\n                                            <\/ul>\n                            <\/div>\n            <div class=\"elementskit-pricing-btn-wraper\">\n\t\t\t\t<a href=\"https:\/\/masso1452.com\/es\/pongase-en-contacto-con\/#location\" class=\"elementskit-pricing-btn  ekit-pricing-btn-icon-pos-right\" >\n\t\t\t\t\tVenga a vernos a la tienda<svg aria-hidden=\"true\" class=\"e-font-icon-svg e-fas-map-marker-alt\" viewbox=\"0 0 384 512\" xmlns=\"http:\/\/www.w3.org\/2000\/svg\"><path d=\"M172.268 501.67C26.97 291.031 0 269.413 0 192 0 85.961 85.961 0 192 0s192 85.961 192 192c0 77.413-26.97 99.031-172.268 309.67-9.535 13.774-29.93 13.773-39.464 0zM192 272c44.183 0 80-35.817 80-80s-35.817-80-80-80-80 35.817-80 80 35.817 80 80 80z\"><\/path><\/svg>\t\t\t\t<\/a>\n            <\/div>\n        <\/div>\n\n    <\/div>\t\t<\/div>\n\t\t\t\t<\/div>\n\t\t\t\t\t<\/div>\n\t\t<\/div>\n\t\t\t\t<div class=\"elementor-column elementor-col-33 elementor-inner-column elementor-element elementor-element-6401476\" data-id=\"6401476\" data-element_type=\"column\" data-settings=\"{&quot;background_background&quot;:&quot;classic&quot;}\">\n\t\t\t<div class=\"elementor-widget-wrap\">\n\t\t\t\t\t<div class=\"elementor-background-overlay\"><\/div>\n\t\t\t\t\t\t\t<\/div>\n\t\t<\/div>\n\t\t\t\t<div class=\"elementor-column elementor-col-33 elementor-inner-column elementor-element elementor-element-9387b15\" data-id=\"9387b15\" data-element_type=\"column\">\n\t\t\t<div class=\"elementor-widget-wrap\">\n\t\t\t\t\t\t\t<\/div>\n\t\t<\/div>\n\t\t\t\t\t<\/div>\n\t\t<\/section>\n\t\t\t\t\t<\/div>\n\t\t<\/div>\n\t\t\t\t\t<\/div>\n\t\t<\/section>\n\t\t\t\t<\/div>","protected":false},"excerpt":{"rendered":"<p>Productos espec\u00edficos Nuestros productos a la venta en tienda Consulte todos nuestros productos Clear Skin Pieles: Normal, Mixta, Madura, Acn\u00e9ica $ 42 Elimine los granos indeseados y controle la proliferaci\u00f3n de bacterias Venga a vernos a la tienda<\/p>","protected":false},"author":1,"featured_media":0,"parent":0,"menu_order":0,"comment_status":"closed","ping_status":"closed","template":"","meta":{"footnotes":""},"class_list":["post-1847","page","type-page","status-publish","hentry"],"yoast_head":"<!-- This site is optimized with the Yoast SEO plugin v22.4 - https:\/\/yoast.com\/wordpress\/plugins\/seo\/ -->\n<title>Produits sp\u00e9cifiques - Masso 1452<\/title>\n<meta name=\"robots\" content=\"index, follow, max-snippet:-1, max-image-preview:large, max-video-preview:-1\" \/>\n<link rel=\"canonical\" href=\"https:\/\/masso1452.com\/es\/productos-especificos\/\" \/>\n<meta property=\"og:locale\" content=\"es_ES\" \/>\n<meta property=\"og:type\" content=\"article\" \/>\n<meta property=\"og:title\" content=\"Produits sp\u00e9cifiques - Masso 1452\" \/>\n<meta property=\"og:description\" content=\"Produits sp\u00e9cifiques Nos produits en vente en magasin Voir tous nos produits Clear Skin Peau : Normale, Mixte, Mature, Acn\u00e9ique $ 42 D\u00e9barrassez-vous des boutons ind\u00e9sirables et contr\u00f4lez le d\u00e9veloppement des bact\u00e9ries Venez nous voir en magasin\" \/>\n<meta property=\"og:url\" content=\"https:\/\/masso1452.com\/es\/productos-especificos\/\" \/>\n<meta property=\"og:site_name\" content=\"Masso 1452\" \/>\n<meta property=\"article:publisher\" content=\"https:\/\/www.facebook.com\/Masso1452\/\" \/>\n<meta property=\"article:modified_time\" content=\"2024-03-19T14:57:35+00:00\" \/>\n<meta property=\"og:image\" content=\"https:\/\/masso1452.com\/wp-content\/uploads\/2024\/02\/Creation-sans-titre-30.png\" \/>\n<meta name=\"twitter:card\" content=\"summary_large_image\" \/>\n<meta name=\"twitter:label1\" content=\"Tiempo de lectura\" \/>\n\t<meta name=\"twitter:data1\" content=\"1 minuto\" \/>\n<script type=\"application\/ld+json\" class=\"yoast-schema-graph\">{\"@context\":\"https:\/\/schema.org\",\"@graph\":[{\"@type\":\"WebPage\",\"@id\":\"https:\/\/masso1452.com\/produits-specifiques\/\",\"url\":\"https:\/\/masso1452.com\/produits-specifiques\/\",\"name\":\"Produits sp\u00e9cifiques - Masso 1452\",\"isPartOf\":{\"@id\":\"https:\/\/masso1452.com\/#website\"},\"primaryImageOfPage\":{\"@id\":\"https:\/\/masso1452.com\/produits-specifiques\/#primaryimage\"},\"image\":{\"@id\":\"https:\/\/masso1452.com\/produits-specifiques\/#primaryimage\"},\"thumbnailUrl\":\"https:\/\/masso1452.com\/wp-content\/uploads\/2024\/02\/Creation-sans-titre-30.png\",\"datePublished\":\"2024-02-15T18:25:18+00:00\",\"dateModified\":\"2024-03-19T14:57:35+00:00\",\"breadcrumb\":{\"@id\":\"https:\/\/masso1452.com\/produits-specifiques\/#breadcrumb\"},\"inLanguage\":\"es\",\"potentialAction\":[{\"@type\":\"ReadAction\",\"target\":[\"https:\/\/masso1452.com\/produits-specifiques\/\"]}]},{\"@type\":\"ImageObject\",\"inLanguage\":\"es\",\"@id\":\"https:\/\/masso1452.com\/produits-specifiques\/#primaryimage\",\"url\":\"https:\/\/masso1452.com\/wp-content\/uploads\/2024\/02\/Creation-sans-titre-30.png\",\"contentUrl\":\"https:\/\/masso1452.com\/wp-content\/uploads\/2024\/02\/Creation-sans-titre-30.png\"},{\"@type\":\"BreadcrumbList\",\"@id\":\"https:\/\/masso1452.com\/produits-specifiques\/#breadcrumb\",\"itemListElement\":[{\"@type\":\"ListItem\",\"position\":1,\"name\":\"Accueil\",\"item\":\"https:\/\/masso1452.com\/\"},{\"@type\":\"ListItem\",\"position\":2,\"name\":\"Produits sp\u00e9cifiques\"}]},{\"@type\":\"WebSite\",\"@id\":\"https:\/\/masso1452.com\/#website\",\"url\":\"https:\/\/masso1452.com\/\",\"name\":\"Masso 1452\",\"description\":\"\",\"publisher\":{\"@id\":\"https:\/\/masso1452.com\/#organization\"},\"potentialAction\":[{\"@type\":\"SearchAction\",\"target\":{\"@type\":\"EntryPoint\",\"urlTemplate\":\"https:\/\/masso1452.com\/?s={search_term_string}\"},\"query-input\":\"required name=search_term_string\"}],\"inLanguage\":\"es\"},{\"@type\":\"Organization\",\"@id\":\"https:\/\/masso1452.com\/#organization\",\"name\":\"Masso 1452\",\"url\":\"https:\/\/masso1452.com\/\",\"logo\":{\"@type\":\"ImageObject\",\"inLanguage\":\"es\",\"@id\":\"https:\/\/masso1452.com\/#\/schema\/logo\/image\/\",\"url\":\"https:\/\/masso1452.com\/wp-content\/uploads\/2023\/12\/masso-1452-1.png\",\"contentUrl\":\"https:\/\/masso1452.com\/wp-content\/uploads\/2023\/12\/masso-1452-1.png\",\"width\":1640,\"height\":1124,\"caption\":\"Masso 1452\"},\"image\":{\"@id\":\"https:\/\/masso1452.com\/#\/schema\/logo\/image\/\"},\"sameAs\":[\"https:\/\/www.facebook.com\/Masso1452\/\",\"https:\/\/www.linkedin.com\/in\/robert-charron-a9882210b\/\",\"https:\/\/www.instagram.com\/masso1452\/\"]}]}<\/script>\n<!-- \/ Yoast SEO plugin. -->","yoast_head_json":{"title":"Produits sp\u00e9cifiques - Masso 1452","robots":{"index":"index","follow":"follow","max-snippet":"max-snippet:-1","max-image-preview":"max-image-preview:large","max-video-preview":"max-video-preview:-1"},"canonical":"https:\/\/masso1452.com\/es\/productos-especificos\/","og_locale":"es_ES","og_type":"article","og_title":"Produits sp\u00e9cifiques - Masso 1452","og_description":"Produits sp\u00e9cifiques Nos produits en vente en magasin Voir tous nos produits Clear Skin Peau : Normale, Mixte, Mature, Acn\u00e9ique $ 42 D\u00e9barrassez-vous des boutons ind\u00e9sirables et contr\u00f4lez le d\u00e9veloppement des bact\u00e9ries Venez nous voir en magasin","og_url":"https:\/\/masso1452.com\/es\/productos-especificos\/","og_site_name":"Masso 1452","article_publisher":"https:\/\/www.facebook.com\/Masso1452\/","article_modified_time":"2024-03-19T14:57:35+00:00","og_image":[{"url":"https:\/\/masso1452.com\/wp-content\/uploads\/2024\/02\/Creation-sans-titre-30.png"}],"twitter_card":"summary_large_image","twitter_misc":{"Tiempo de lectura":"1 minuto"},"schema":{"@context":"https:\/\/schema.org","@graph":[{"@type":"WebPage","@id":"https:\/\/masso1452.com\/produits-specifiques\/","url":"https:\/\/masso1452.com\/produits-specifiques\/","name":"Produits sp\u00e9cifiques - Masso 1452","isPartOf":{"@id":"https:\/\/masso1452.com\/#website"},"primaryImageOfPage":{"@id":"https:\/\/masso1452.com\/produits-specifiques\/#primaryimage"},"image":{"@id":"https:\/\/masso1452.com\/produits-specifiques\/#primaryimage"},"thumbnailUrl":"https:\/\/masso1452.com\/wp-content\/uploads\/2024\/02\/Creation-sans-titre-30.png","datePublished":"2024-02-15T18:25:18+00:00","dateModified":"2024-03-19T14:57:35+00:00","breadcrumb":{"@id":"https:\/\/masso1452.com\/produits-specifiques\/#breadcrumb"},"inLanguage":"es","potentialAction":[{"@type":"ReadAction","target":["https:\/\/masso1452.com\/produits-specifiques\/"]}]},{"@type":"ImageObject","inLanguage":"es","@id":"https:\/\/masso1452.com\/produits-specifiques\/#primaryimage","url":"https:\/\/masso1452.com\/wp-content\/uploads\/2024\/02\/Creation-sans-titre-30.png","contentUrl":"https:\/\/masso1452.com\/wp-content\/uploads\/2024\/02\/Creation-sans-titre-30.png"},{"@type":"BreadcrumbList","@id":"https:\/\/masso1452.com\/produits-specifiques\/#breadcrumb","itemListElement":[{"@type":"ListItem","position":1,"name":"Accueil","item":"https:\/\/masso1452.com\/"},{"@type":"ListItem","position":2,"name":"Produits sp\u00e9cifiques"}]},{"@type":"WebSite","@id":"https:\/\/masso1452.com\/#website","url":"https:\/\/masso1452.com\/","name":"Masso 1452","description":"","publisher":{"@id":"https:\/\/masso1452.com\/#organization"},"potentialAction":[{"@type":"SearchAction","target":{"@type":"EntryPoint","urlTemplate":"https:\/\/masso1452.com\/?s={search_term_string}"},"query-input":"required name=search_term_string"}],"inLanguage":"es"},{"@type":"Organization","@id":"https:\/\/masso1452.com\/#organization","name":"Masso 1452","url":"https:\/\/masso1452.com\/","logo":{"@type":"ImageObject","inLanguage":"es","@id":"https:\/\/masso1452.com\/#\/schema\/logo\/image\/","url":"https:\/\/masso1452.com\/wp-content\/uploads\/2023\/12\/masso-1452-1.png","contentUrl":"https:\/\/masso1452.com\/wp-content\/uploads\/2023\/12\/masso-1452-1.png","width":1640,"height":1124,"caption":"Masso 1452"},"image":{"@id":"https:\/\/masso1452.com\/#\/schema\/logo\/image\/"},"sameAs":["https:\/\/www.facebook.com\/Masso1452\/","https:\/\/www.linkedin.com\/in\/robert-charron-a9882210b\/","https:\/\/www.instagram.com\/masso1452\/"]}]}},"_links":{"self":[{"href":"https:\/\/masso1452.com\/es\/wp-json\/wp\/v2\/pages\/1847","targetHints":{"allow":["GET"]}}],"collection":[{"href":"https:\/\/masso1452.com\/es\/wp-json\/wp\/v2\/pages"}],"about":[{"href":"https:\/\/masso1452.com\/es\/wp-json\/wp\/v2\/types\/page"}],"author":[{"embeddable":true,"href":"https:\/\/masso1452.com\/es\/wp-json\/wp\/v2\/users\/1"}],"replies":[{"embeddable":true,"href":"https:\/\/masso1452.com\/es\/wp-json\/wp\/v2\/comments?post=1847"}],"version-history":[{"count":11,"href":"https:\/\/masso1452.com\/es\/wp-json\/wp\/v2\/pages\/1847\/revisions"}],"predecessor-version":[{"id":2310,"href":"https:\/\/masso1452.com\/es\/wp-json\/wp\/v2\/pages\/1847\/revisions\/2310"}],"wp:attachment":[{"href":"https:\/\/masso1452.com\/es\/wp-json\/wp\/v2\/media?parent=1847"}],"curies":[{"name":"wp","href":"https:\/\/api.w.org\/{rel}","templated":true}]}}