{"id":956,"date":"2024-01-10T15:34:04","date_gmt":"2024-01-10T15:34:04","guid":{"rendered":"https:\/\/masso1452.com\/?page_id=956"},"modified":"2024-03-19T14:55:18","modified_gmt":"2024-03-19T14:55:18","slug":"merci-rdv","status":"publish","type":"page","link":"https:\/\/masso1452.com\/en\/thank-you-rdv\/","title":{"rendered":"Thank you RDV"},"content":{"rendered":"<div data-elementor-type=\"wp-page\" data-elementor-id=\"956\" class=\"elementor elementor-956\" data-elementor-post-type=\"page\">\n\t\t\t\t\t\t<section class=\"elementor-section elementor-top-section elementor-element elementor-element-827f1e6 elementor-section-height-min-height elementor-section-items-stretch elementor-section-boxed elementor-section-height-default\" data-id=\"827f1e6\" data-element_type=\"section\" data-settings=\"{&quot;background_background&quot;:&quot;classic&quot;,&quot;ekit_has_onepagescroll_dot&quot;:&quot;yes&quot;}\">\n\t\t\t\t\t\t\t<div class=\"elementor-background-overlay\"><\/div>\n\t\t\t\t\t\t\t<div class=\"elementor-container elementor-column-gap-default\">\n\t\t\t\t\t<div class=\"elementor-column elementor-col-100 elementor-top-column elementor-element elementor-element-9d8d45d\" data-id=\"9d8d45d\" data-element_type=\"column\">\n\t\t\t<div class=\"elementor-widget-wrap elementor-element-populated\">\n\t\t\t\t\t\t<div class=\"elementor-element elementor-element-2557f67 animated-slow elementor-invisible elementor-widget elementor-widget-heading\" data-id=\"2557f67\" data-element_type=\"widget\" data-settings=\"{&quot;_animation&quot;:&quot;fadeInUp&quot;,&quot;_animation_delay&quot;:60,&quot;ekit_we_effect_on&quot;:&quot;none&quot;}\" data-widget_type=\"heading.default\">\n\t\t\t\t<div class=\"elementor-widget-container\">\n\t\t\t<style>\/*! elementor - v3.19.0 - 28-02-2024 *\/\n.elementor-heading-title{padding:0;margin:0;line-height:1}.elementor-widget-heading .elementor-heading-title[class*=elementor-size-]>a{color:inherit;font-size:inherit;line-height:inherit}.elementor-widget-heading .elementor-heading-title.elementor-size-small{font-size:15px}.elementor-widget-heading .elementor-heading-title.elementor-size-medium{font-size:19px}.elementor-widget-heading .elementor-heading-title.elementor-size-large{font-size:29px}.elementor-widget-heading .elementor-heading-title.elementor-size-xl{font-size:39px}.elementor-widget-heading .elementor-heading-title.elementor-size-xxl{font-size:59px}<\/style><h1 class=\"elementor-heading-title elementor-size-default\">Thank you<\/h1>\t\t<\/div>\n\t\t\t\t<\/div>\n\t\t\t\t<div class=\"elementor-element elementor-element-22d22bf animated-slow elementor-invisible elementor-widget elementor-widget-heading\" data-id=\"22d22bf\" data-element_type=\"widget\" data-settings=\"{&quot;_animation&quot;:&quot;fadeInUp&quot;,&quot;_animation_delay&quot;:30,&quot;ekit_we_effect_on&quot;:&quot;none&quot;}\" data-widget_type=\"heading.default\">\n\t\t\t\t<div class=\"elementor-widget-container\">\n\t\t\t<h3 class=\"elementor-heading-title elementor-size-default\">Your appointment is confirmed!<\/h3>\t\t<\/div>\n\t\t\t\t<\/div>\n\t\t\t\t<div class=\"elementor-element elementor-element-e0089cc elementor-widget elementor-widget-text-editor\" data-id=\"e0089cc\" data-element_type=\"widget\" data-settings=\"{&quot;ekit_we_effect_on&quot;:&quot;none&quot;}\" data-widget_type=\"text-editor.default\">\n\t\t\t\t<div class=\"elementor-widget-container\">\n\t\t\t<style>\/*! elementor - v3.19.0 - 28-02-2024 *\/\n.elementor-widget-text-editor.elementor-drop-cap-view-stacked .elementor-drop-cap{background-color:#69727d;color:#fff}.elementor-widget-text-editor.elementor-drop-cap-view-framed .elementor-drop-cap{color:#69727d;border:3px solid;background-color:transparent}.elementor-widget-text-editor:not(.elementor-drop-cap-view-default) .elementor-drop-cap{margin-top:8px}.elementor-widget-text-editor:not(.elementor-drop-cap-view-default) .elementor-drop-cap-letter{width:1em;height:1em}.elementor-widget-text-editor .elementor-drop-cap{float:left;text-align:center;line-height:1;font-size:50px}.elementor-widget-text-editor .elementor-drop-cap-letter{display:inline-block}<\/style>\t\t\t\t<p>If you have any questions or wish to change your appointment, please do not hesitate to <span style=\"text-decoration: underline;\"><a href=\"https:\/\/masso1452.com\/en\/contact\/\">please contact us.<\/a><\/span><\/p>\t\t\t\t\t\t<\/div>\n\t\t\t\t<\/div>\n\t\t\t\t\t<\/div>\n\t\t<\/div>\n\t\t\t\t\t<\/div>\n\t\t<\/section>\n\t\t\t\t<\/div>","protected":false},"excerpt":{"rendered":"<p>Merci Votre rendez-vous est confirm\u00e9 ! Pour toute question ou modification de votre rendez-vous, n&rsquo;h\u00e9sitez pas \u00e0 nous contacter.<\/p>","protected":false},"author":1,"featured_media":0,"parent":0,"menu_order":0,"comment_status":"closed","ping_status":"closed","template":"","meta":{"footnotes":""},"class_list":["post-956","page","type-page","status-publish","hentry"],"yoast_head":"<!-- This site is optimized with the Yoast SEO plugin v22.4 - https:\/\/yoast.com\/wordpress\/plugins\/seo\/ -->\n<title>Merci RDV - Masso 1452<\/title>\n<meta name=\"robots\" content=\"index, follow, max-snippet:-1, max-image-preview:large, max-video-preview:-1\" \/>\n<link rel=\"canonical\" href=\"https:\/\/masso1452.com\/en\/thank-you-rdv\/\" \/>\n<meta property=\"og:locale\" content=\"en_US\" \/>\n<meta property=\"og:type\" content=\"article\" \/>\n<meta property=\"og:title\" content=\"Merci RDV - Masso 1452\" \/>\n<meta property=\"og:description\" content=\"Merci Votre rendez-vous est confirm\u00e9 ! Pour toute question ou modification de votre rendez-vous, n&rsquo;h\u00e9sitez pas \u00e0 nous contacter.\" \/>\n<meta property=\"og:url\" content=\"https:\/\/masso1452.com\/en\/thank-you-rdv\/\" \/>\n<meta property=\"og:site_name\" content=\"Masso 1452\" \/>\n<meta property=\"article:publisher\" content=\"https:\/\/www.facebook.com\/Masso1452\/\" \/>\n<meta property=\"article:modified_time\" content=\"2024-03-19T14:55:18+00:00\" \/>\n<meta name=\"twitter:card\" content=\"summary_large_image\" \/>\n<meta name=\"twitter:label1\" content=\"Est. reading time\" \/>\n\t<meta name=\"twitter:data1\" content=\"1 minute\" \/>\n<script type=\"application\/ld+json\" class=\"yoast-schema-graph\">{\"@context\":\"https:\/\/schema.org\",\"@graph\":[{\"@type\":\"WebPage\",\"@id\":\"https:\/\/masso1452.com\/merci-rdv\/\",\"url\":\"https:\/\/masso1452.com\/merci-rdv\/\",\"name\":\"Merci RDV - Masso 1452\",\"isPartOf\":{\"@id\":\"https:\/\/masso1452.com\/#website\"},\"datePublished\":\"2024-01-10T15:34:04+00:00\",\"dateModified\":\"2024-03-19T14:55:18+00:00\",\"breadcrumb\":{\"@id\":\"https:\/\/masso1452.com\/merci-rdv\/#breadcrumb\"},\"inLanguage\":\"en-CA\",\"potentialAction\":[{\"@type\":\"ReadAction\",\"target\":[\"https:\/\/masso1452.com\/merci-rdv\/\"]}]},{\"@type\":\"BreadcrumbList\",\"@id\":\"https:\/\/masso1452.com\/merci-rdv\/#breadcrumb\",\"itemListElement\":[{\"@type\":\"ListItem\",\"position\":1,\"name\":\"Accueil\",\"item\":\"https:\/\/masso1452.com\/\"},{\"@type\":\"ListItem\",\"position\":2,\"name\":\"Merci RDV\"}]},{\"@type\":\"WebSite\",\"@id\":\"https:\/\/masso1452.com\/#website\",\"url\":\"https:\/\/masso1452.com\/\",\"name\":\"Masso 1452\",\"description\":\"\",\"publisher\":{\"@id\":\"https:\/\/masso1452.com\/#organization\"},\"potentialAction\":[{\"@type\":\"SearchAction\",\"target\":{\"@type\":\"EntryPoint\",\"urlTemplate\":\"https:\/\/masso1452.com\/?s={search_term_string}\"},\"query-input\":\"required name=search_term_string\"}],\"inLanguage\":\"en-CA\"},{\"@type\":\"Organization\",\"@id\":\"https:\/\/masso1452.com\/#organization\",\"name\":\"Masso 1452\",\"url\":\"https:\/\/masso1452.com\/\",\"logo\":{\"@type\":\"ImageObject\",\"inLanguage\":\"en-CA\",\"@id\":\"https:\/\/masso1452.com\/#\/schema\/logo\/image\/\",\"url\":\"https:\/\/masso1452.com\/wp-content\/uploads\/2023\/12\/masso-1452-1.png\",\"contentUrl\":\"https:\/\/masso1452.com\/wp-content\/uploads\/2023\/12\/masso-1452-1.png\",\"width\":1640,\"height\":1124,\"caption\":\"Masso 1452\"},\"image\":{\"@id\":\"https:\/\/masso1452.com\/#\/schema\/logo\/image\/\"},\"sameAs\":[\"https:\/\/www.facebook.com\/Masso1452\/\",\"https:\/\/www.linkedin.com\/in\/robert-charron-a9882210b\/\",\"https:\/\/www.instagram.com\/masso1452\/\"]}]}<\/script>\n<!-- \/ Yoast SEO plugin. -->","yoast_head_json":{"title":"Merci RDV - Masso 1452","robots":{"index":"index","follow":"follow","max-snippet":"max-snippet:-1","max-image-preview":"max-image-preview:large","max-video-preview":"max-video-preview:-1"},"canonical":"https:\/\/masso1452.com\/en\/thank-you-rdv\/","og_locale":"en_US","og_type":"article","og_title":"Merci RDV - Masso 1452","og_description":"Merci Votre rendez-vous est confirm\u00e9 ! Pour toute question ou modification de votre rendez-vous, n&rsquo;h\u00e9sitez pas \u00e0 nous contacter.","og_url":"https:\/\/masso1452.com\/en\/thank-you-rdv\/","og_site_name":"Masso 1452","article_publisher":"https:\/\/www.facebook.com\/Masso1452\/","article_modified_time":"2024-03-19T14:55:18+00:00","twitter_card":"summary_large_image","twitter_misc":{"Est. reading time":"1 minute"},"schema":{"@context":"https:\/\/schema.org","@graph":[{"@type":"WebPage","@id":"https:\/\/masso1452.com\/merci-rdv\/","url":"https:\/\/masso1452.com\/merci-rdv\/","name":"Merci RDV - Masso 1452","isPartOf":{"@id":"https:\/\/masso1452.com\/#website"},"datePublished":"2024-01-10T15:34:04+00:00","dateModified":"2024-03-19T14:55:18+00:00","breadcrumb":{"@id":"https:\/\/masso1452.com\/merci-rdv\/#breadcrumb"},"inLanguage":"en-CA","potentialAction":[{"@type":"ReadAction","target":["https:\/\/masso1452.com\/merci-rdv\/"]}]},{"@type":"BreadcrumbList","@id":"https:\/\/masso1452.com\/merci-rdv\/#breadcrumb","itemListElement":[{"@type":"ListItem","position":1,"name":"Accueil","item":"https:\/\/masso1452.com\/"},{"@type":"ListItem","position":2,"name":"Merci RDV"}]},{"@type":"WebSite","@id":"https:\/\/masso1452.com\/#website","url":"https:\/\/masso1452.com\/","name":"Masso 1452","description":"","publisher":{"@id":"https:\/\/masso1452.com\/#organization"},"potentialAction":[{"@type":"SearchAction","target":{"@type":"EntryPoint","urlTemplate":"https:\/\/masso1452.com\/?s={search_term_string}"},"query-input":"required name=search_term_string"}],"inLanguage":"en-CA"},{"@type":"Organization","@id":"https:\/\/masso1452.com\/#organization","name":"Masso 1452","url":"https:\/\/masso1452.com\/","logo":{"@type":"ImageObject","inLanguage":"en-CA","@id":"https:\/\/masso1452.com\/#\/schema\/logo\/image\/","url":"https:\/\/masso1452.com\/wp-content\/uploads\/2023\/12\/masso-1452-1.png","contentUrl":"https:\/\/masso1452.com\/wp-content\/uploads\/2023\/12\/masso-1452-1.png","width":1640,"height":1124,"caption":"Masso 1452"},"image":{"@id":"https:\/\/masso1452.com\/#\/schema\/logo\/image\/"},"sameAs":["https:\/\/www.facebook.com\/Masso1452\/","https:\/\/www.linkedin.com\/in\/robert-charron-a9882210b\/","https:\/\/www.instagram.com\/masso1452\/"]}]}},"_links":{"self":[{"href":"https:\/\/masso1452.com\/en\/wp-json\/wp\/v2\/pages\/956","targetHints":{"allow":["GET"]}}],"collection":[{"href":"https:\/\/masso1452.com\/en\/wp-json\/wp\/v2\/pages"}],"about":[{"href":"https:\/\/masso1452.com\/en\/wp-json\/wp\/v2\/types\/page"}],"author":[{"embeddable":true,"href":"https:\/\/masso1452.com\/en\/wp-json\/wp\/v2\/users\/1"}],"replies":[{"embeddable":true,"href":"https:\/\/masso1452.com\/en\/wp-json\/wp\/v2\/comments?post=956"}],"version-history":[{"count":7,"href":"https:\/\/masso1452.com\/en\/wp-json\/wp\/v2\/pages\/956\/revisions"}],"predecessor-version":[{"id":2301,"href":"https:\/\/masso1452.com\/en\/wp-json\/wp\/v2\/pages\/956\/revisions\/2301"}],"wp:attachment":[{"href":"https:\/\/masso1452.com\/en\/wp-json\/wp\/v2\/media?parent=956"}],"curies":[{"name":"wp","href":"https:\/\/api.w.org\/{rel}","templated":true}]}}