{"id":504,"date":"2024-01-02T18:29:36","date_gmt":"2024-01-02T18:29:36","guid":{"rendered":"https:\/\/masso1452.com\/?page_id=504"},"modified":"2024-03-19T14:54:33","modified_gmt":"2024-03-19T14:54:33","slug":"merci-form","status":"publish","type":"page","link":"https:\/\/masso1452.com\/en\/thank-you-form\/","title":{"rendered":"Thank you Form"},"content":{"rendered":"<div data-elementor-type=\"wp-page\" data-elementor-id=\"504\" class=\"elementor elementor-504\" data-elementor-post-type=\"page\">\n\t\t\t\t\t\t<section class=\"elementor-section elementor-top-section elementor-element elementor-element-62cc59d2 elementor-section-height-min-height elementor-section-items-stretch elementor-section-boxed elementor-section-height-default\" data-id=\"62cc59d2\" data-element_type=\"section\" data-settings=\"{&quot;background_background&quot;:&quot;classic&quot;,&quot;ekit_has_onepagescroll_dot&quot;:&quot;yes&quot;}\">\n\t\t\t\t\t\t\t<div class=\"elementor-background-overlay\"><\/div>\n\t\t\t\t\t\t\t<div class=\"elementor-container elementor-column-gap-default\">\n\t\t\t\t\t<div class=\"elementor-column elementor-col-100 elementor-top-column elementor-element elementor-element-403fbf9c\" data-id=\"403fbf9c\" data-element_type=\"column\">\n\t\t\t<div class=\"elementor-widget-wrap elementor-element-populated\">\n\t\t\t\t\t\t<div class=\"elementor-element elementor-element-23d27607 animated-slow elementor-invisible elementor-widget elementor-widget-heading\" data-id=\"23d27607\" data-element_type=\"widget\" data-settings=\"{&quot;_animation&quot;:&quot;fadeInUp&quot;,&quot;_animation_delay&quot;:60,&quot;ekit_we_effect_on&quot;:&quot;none&quot;}\" data-widget_type=\"heading.default\">\n\t\t\t\t<div class=\"elementor-widget-container\">\n\t\t\t<style>\/*! elementor - v3.19.0 - 28-02-2024 *\/\n.elementor-heading-title{padding:0;margin:0;line-height:1}.elementor-widget-heading .elementor-heading-title[class*=elementor-size-]>a{color:inherit;font-size:inherit;line-height:inherit}.elementor-widget-heading .elementor-heading-title.elementor-size-small{font-size:15px}.elementor-widget-heading .elementor-heading-title.elementor-size-medium{font-size:19px}.elementor-widget-heading .elementor-heading-title.elementor-size-large{font-size:29px}.elementor-widget-heading .elementor-heading-title.elementor-size-xl{font-size:39px}.elementor-widget-heading .elementor-heading-title.elementor-size-xxl{font-size:59px}<\/style><h1 class=\"elementor-heading-title elementor-size-default\">Thank you<\/h1>\t\t<\/div>\n\t\t\t\t<\/div>\n\t\t\t\t<div class=\"elementor-element elementor-element-5a05132d animated-slow elementor-invisible elementor-widget elementor-widget-heading\" data-id=\"5a05132d\" data-element_type=\"widget\" data-settings=\"{&quot;_animation&quot;:&quot;fadeInUp&quot;,&quot;_animation_delay&quot;:30,&quot;ekit_we_effect_on&quot;:&quot;none&quot;}\" data-widget_type=\"heading.default\">\n\t\t\t\t<div class=\"elementor-widget-container\">\n\t\t\t<h3 class=\"elementor-heading-title elementor-size-default\">We've received your form!<\/h3>\t\t<\/div>\n\t\t\t\t<\/div>\n\t\t\t\t<div class=\"elementor-element elementor-element-2cbe13ce elementor-widget elementor-widget-text-editor\" data-id=\"2cbe13ce\" data-element_type=\"widget\" data-settings=\"{&quot;ekit_we_effect_on&quot;:&quot;none&quot;}\" data-widget_type=\"text-editor.default\">\n\t\t\t\t<div class=\"elementor-widget-container\">\n\t\t\t<style>\/*! elementor - v3.19.0 - 28-02-2024 *\/\n.elementor-widget-text-editor.elementor-drop-cap-view-stacked .elementor-drop-cap{background-color:#69727d;color:#fff}.elementor-widget-text-editor.elementor-drop-cap-view-framed .elementor-drop-cap{color:#69727d;border:3px solid;background-color:transparent}.elementor-widget-text-editor:not(.elementor-drop-cap-view-default) .elementor-drop-cap{margin-top:8px}.elementor-widget-text-editor:not(.elementor-drop-cap-view-default) .elementor-drop-cap-letter{width:1em;height:1em}.elementor-widget-text-editor .elementor-drop-cap{float:left;text-align:center;line-height:1;font-size:50px}.elementor-widget-text-editor .elementor-drop-cap-letter{display:inline-block}<\/style>\t\t\t\t<p>Your request will be processed as quickly as possible.<\/p><p>We will do our best to contact you shortly to discuss your request.<\/p>\t\t\t\t\t\t<\/div>\n\t\t\t\t<\/div>\n\t\t\t\t\t<\/div>\n\t\t<\/div>\n\t\t\t\t\t<\/div>\n\t\t<\/section>\n\t\t\t\t<\/div>","protected":false},"excerpt":{"rendered":"<p>Thank you We have received your form! Your request will be processed as soon as possible. We will do our best to contact you shortly to discuss your request.<\/p>","protected":false},"author":1,"featured_media":416,"parent":0,"menu_order":0,"comment_status":"closed","ping_status":"closed","template":"","meta":{"footnotes":""},"class_list":["post-504","page","type-page","status-publish","has-post-thumbnail","hentry"],"yoast_head":"<!-- This site is optimized with the Yoast SEO plugin v22.4 - https:\/\/yoast.com\/wordpress\/plugins\/seo\/ -->\n<title>Merci Formulaire - Masso 1452<\/title>\n<meta name=\"robots\" content=\"index, follow, max-snippet:-1, max-image-preview:large, max-video-preview:-1\" \/>\n<link rel=\"canonical\" href=\"https:\/\/masso1452.com\/en\/thank-you-form\/\" \/>\n<meta property=\"og:locale\" content=\"en_US\" \/>\n<meta property=\"og:type\" content=\"article\" \/>\n<meta property=\"og:title\" content=\"Merci Formulaire - Masso 1452\" \/>\n<meta property=\"og:description\" content=\"Merci Nous avons bien re\u00e7u votre formulaire ! Votre demande sera trait\u00e9e avec attention dans les plus brefs d\u00e9lais. Nous mettons tout en \u0153uvre pour vous contacter sous peu afin de discuter de votre requ\u00eate.\" \/>\n<meta property=\"og:url\" content=\"https:\/\/masso1452.com\/en\/thank-you-form\/\" \/>\n<meta property=\"og:site_name\" content=\"Masso 1452\" \/>\n<meta property=\"article:publisher\" content=\"https:\/\/www.facebook.com\/Masso1452\/\" \/>\n<meta property=\"article:modified_time\" content=\"2024-03-19T14:54:33+00:00\" \/>\n<meta property=\"og:image\" content=\"https:\/\/masso1452.com\/wp-content\/uploads\/2024\/01\/massage-therapy-1584711_1280.jpeg\" \/>\n\t<meta property=\"og:image:width\" content=\"848\" \/>\n\t<meta property=\"og:image:height\" content=\"1280\" \/>\n\t<meta property=\"og:image:type\" content=\"image\/jpeg\" \/>\n<meta name=\"twitter:card\" content=\"summary_large_image\" \/>\n<meta name=\"twitter:label1\" content=\"Est. reading time\" \/>\n\t<meta name=\"twitter:data1\" content=\"1 minute\" \/>\n<script type=\"application\/ld+json\" class=\"yoast-schema-graph\">{\"@context\":\"https:\/\/schema.org\",\"@graph\":[{\"@type\":\"WebPage\",\"@id\":\"https:\/\/masso1452.com\/merci-form\/\",\"url\":\"https:\/\/masso1452.com\/merci-form\/\",\"name\":\"Merci Formulaire - Masso 1452\",\"isPartOf\":{\"@id\":\"https:\/\/masso1452.com\/#website\"},\"primaryImageOfPage\":{\"@id\":\"https:\/\/masso1452.com\/merci-form\/#primaryimage\"},\"image\":{\"@id\":\"https:\/\/masso1452.com\/merci-form\/#primaryimage\"},\"thumbnailUrl\":\"https:\/\/masso1452.com\/wp-content\/uploads\/2024\/01\/massage-therapy-1584711_1280.jpeg\",\"datePublished\":\"2024-01-02T18:29:36+00:00\",\"dateModified\":\"2024-03-19T14:54:33+00:00\",\"breadcrumb\":{\"@id\":\"https:\/\/masso1452.com\/merci-form\/#breadcrumb\"},\"inLanguage\":\"en-CA\",\"potentialAction\":[{\"@type\":\"ReadAction\",\"target\":[\"https:\/\/masso1452.com\/merci-form\/\"]}]},{\"@type\":\"ImageObject\",\"inLanguage\":\"en-CA\",\"@id\":\"https:\/\/masso1452.com\/merci-form\/#primaryimage\",\"url\":\"https:\/\/masso1452.com\/wp-content\/uploads\/2024\/01\/massage-therapy-1584711_1280.jpeg\",\"contentUrl\":\"https:\/\/masso1452.com\/wp-content\/uploads\/2024\/01\/massage-therapy-1584711_1280.jpeg\",\"width\":848,\"height\":1280,\"caption\":\"masso1452\"},{\"@type\":\"BreadcrumbList\",\"@id\":\"https:\/\/masso1452.com\/merci-form\/#breadcrumb\",\"itemListElement\":[{\"@type\":\"ListItem\",\"position\":1,\"name\":\"Accueil\",\"item\":\"https:\/\/masso1452.com\/\"},{\"@type\":\"ListItem\",\"position\":2,\"name\":\"Merci Formulaire\"}]},{\"@type\":\"WebSite\",\"@id\":\"https:\/\/masso1452.com\/#website\",\"url\":\"https:\/\/masso1452.com\/\",\"name\":\"Masso 1452\",\"description\":\"\",\"publisher\":{\"@id\":\"https:\/\/masso1452.com\/#organization\"},\"potentialAction\":[{\"@type\":\"SearchAction\",\"target\":{\"@type\":\"EntryPoint\",\"urlTemplate\":\"https:\/\/masso1452.com\/?s={search_term_string}\"},\"query-input\":\"required name=search_term_string\"}],\"inLanguage\":\"en-CA\"},{\"@type\":\"Organization\",\"@id\":\"https:\/\/masso1452.com\/#organization\",\"name\":\"Masso 1452\",\"url\":\"https:\/\/masso1452.com\/\",\"logo\":{\"@type\":\"ImageObject\",\"inLanguage\":\"en-CA\",\"@id\":\"https:\/\/masso1452.com\/#\/schema\/logo\/image\/\",\"url\":\"https:\/\/masso1452.com\/wp-content\/uploads\/2023\/12\/masso-1452-1.png\",\"contentUrl\":\"https:\/\/masso1452.com\/wp-content\/uploads\/2023\/12\/masso-1452-1.png\",\"width\":1640,\"height\":1124,\"caption\":\"Masso 1452\"},\"image\":{\"@id\":\"https:\/\/masso1452.com\/#\/schema\/logo\/image\/\"},\"sameAs\":[\"https:\/\/www.facebook.com\/Masso1452\/\",\"https:\/\/www.linkedin.com\/in\/robert-charron-a9882210b\/\",\"https:\/\/www.instagram.com\/masso1452\/\"]}]}<\/script>\n<!-- \/ Yoast SEO plugin. -->","yoast_head_json":{"title":"Merci Formulaire - Masso 1452","robots":{"index":"index","follow":"follow","max-snippet":"max-snippet:-1","max-image-preview":"max-image-preview:large","max-video-preview":"max-video-preview:-1"},"canonical":"https:\/\/masso1452.com\/en\/thank-you-form\/","og_locale":"en_US","og_type":"article","og_title":"Merci Formulaire - Masso 1452","og_description":"Merci Nous avons bien re\u00e7u votre formulaire ! Votre demande sera trait\u00e9e avec attention dans les plus brefs d\u00e9lais. Nous mettons tout en \u0153uvre pour vous contacter sous peu afin de discuter de votre requ\u00eate.","og_url":"https:\/\/masso1452.com\/en\/thank-you-form\/","og_site_name":"Masso 1452","article_publisher":"https:\/\/www.facebook.com\/Masso1452\/","article_modified_time":"2024-03-19T14:54:33+00:00","og_image":[{"width":848,"height":1280,"url":"https:\/\/masso1452.com\/wp-content\/uploads\/2024\/01\/massage-therapy-1584711_1280.jpeg","type":"image\/jpeg"}],"twitter_card":"summary_large_image","twitter_misc":{"Est. reading time":"1 minute"},"schema":{"@context":"https:\/\/schema.org","@graph":[{"@type":"WebPage","@id":"https:\/\/masso1452.com\/merci-form\/","url":"https:\/\/masso1452.com\/merci-form\/","name":"Merci Formulaire - Masso 1452","isPartOf":{"@id":"https:\/\/masso1452.com\/#website"},"primaryImageOfPage":{"@id":"https:\/\/masso1452.com\/merci-form\/#primaryimage"},"image":{"@id":"https:\/\/masso1452.com\/merci-form\/#primaryimage"},"thumbnailUrl":"https:\/\/masso1452.com\/wp-content\/uploads\/2024\/01\/massage-therapy-1584711_1280.jpeg","datePublished":"2024-01-02T18:29:36+00:00","dateModified":"2024-03-19T14:54:33+00:00","breadcrumb":{"@id":"https:\/\/masso1452.com\/merci-form\/#breadcrumb"},"inLanguage":"en-CA","potentialAction":[{"@type":"ReadAction","target":["https:\/\/masso1452.com\/merci-form\/"]}]},{"@type":"ImageObject","inLanguage":"en-CA","@id":"https:\/\/masso1452.com\/merci-form\/#primaryimage","url":"https:\/\/masso1452.com\/wp-content\/uploads\/2024\/01\/massage-therapy-1584711_1280.jpeg","contentUrl":"https:\/\/masso1452.com\/wp-content\/uploads\/2024\/01\/massage-therapy-1584711_1280.jpeg","width":848,"height":1280,"caption":"masso1452"},{"@type":"BreadcrumbList","@id":"https:\/\/masso1452.com\/merci-form\/#breadcrumb","itemListElement":[{"@type":"ListItem","position":1,"name":"Accueil","item":"https:\/\/masso1452.com\/"},{"@type":"ListItem","position":2,"name":"Merci Formulaire"}]},{"@type":"WebSite","@id":"https:\/\/masso1452.com\/#website","url":"https:\/\/masso1452.com\/","name":"Masso 1452","description":"","publisher":{"@id":"https:\/\/masso1452.com\/#organization"},"potentialAction":[{"@type":"SearchAction","target":{"@type":"EntryPoint","urlTemplate":"https:\/\/masso1452.com\/?s={search_term_string}"},"query-input":"required name=search_term_string"}],"inLanguage":"en-CA"},{"@type":"Organization","@id":"https:\/\/masso1452.com\/#organization","name":"Masso 1452","url":"https:\/\/masso1452.com\/","logo":{"@type":"ImageObject","inLanguage":"en-CA","@id":"https:\/\/masso1452.com\/#\/schema\/logo\/image\/","url":"https:\/\/masso1452.com\/wp-content\/uploads\/2023\/12\/masso-1452-1.png","contentUrl":"https:\/\/masso1452.com\/wp-content\/uploads\/2023\/12\/masso-1452-1.png","width":1640,"height":1124,"caption":"Masso 1452"},"image":{"@id":"https:\/\/masso1452.com\/#\/schema\/logo\/image\/"},"sameAs":["https:\/\/www.facebook.com\/Masso1452\/","https:\/\/www.linkedin.com\/in\/robert-charron-a9882210b\/","https:\/\/www.instagram.com\/masso1452\/"]}]}},"_links":{"self":[{"href":"https:\/\/masso1452.com\/en\/wp-json\/wp\/v2\/pages\/504","targetHints":{"allow":["GET"]}}],"collection":[{"href":"https:\/\/masso1452.com\/en\/wp-json\/wp\/v2\/pages"}],"about":[{"href":"https:\/\/masso1452.com\/en\/wp-json\/wp\/v2\/types\/page"}],"author":[{"embeddable":true,"href":"https:\/\/masso1452.com\/en\/wp-json\/wp\/v2\/users\/1"}],"replies":[{"embeddable":true,"href":"https:\/\/masso1452.com\/en\/wp-json\/wp\/v2\/comments?post=504"}],"version-history":[{"count":23,"href":"https:\/\/masso1452.com\/en\/wp-json\/wp\/v2\/pages\/504\/revisions"}],"predecessor-version":[{"id":2298,"href":"https:\/\/masso1452.com\/en\/wp-json\/wp\/v2\/pages\/504\/revisions\/2298"}],"wp:featuredmedia":[{"embeddable":true,"href":"https:\/\/masso1452.com\/en\/wp-json\/wp\/v2\/media\/416"}],"wp:attachment":[{"href":"https:\/\/masso1452.com\/en\/wp-json\/wp\/v2\/media?parent=504"}],"curies":[{"name":"wp","href":"https:\/\/api.w.org\/{rel}","templated":true}]}}